{"id":167,"date":"2019-08-19T11:40:27","date_gmt":"2019-08-19T14:40:27","guid":{"rendered":"https:\/\/monitor-electronico.com\/?page_id=167"},"modified":"2019-08-21T19:13:21","modified_gmt":"2019-08-21T22:13:21","slug":"alarma-contra-incendios","status":"publish","type":"page","link":"https:\/\/monitor-electronico.com\/index.php\/alarma-contra-incendios\/","title":{"rendered":"Alarma contra incendios"},"content":{"rendered":"\n<figure class=\"wp-block-image\"><img loading=\"lazy\" decoding=\"async\" width=\"1024\" height=\"280\" src=\"https:\/\/monitor-electronico.com\/wp-content\/uploads\/2019\/08\/Dise\u00f1o-sin-t\u00edtulo-2-1024x280.png\" alt=\"\" class=\"wp-image-246\" srcset=\"https:\/\/monitor-electronico.com\/wp-content\/uploads\/2019\/08\/Dise\u00f1o-sin-t\u00edtulo-2-1024x280.png 1024w, https:\/\/monitor-electronico.com\/wp-content\/uploads\/2019\/08\/Dise\u00f1o-sin-t\u00edtulo-2-300x82.png 300w, https:\/\/monitor-electronico.com\/wp-content\/uploads\/2019\/08\/Dise\u00f1o-sin-t\u00edtulo-2-768x210.png 768w, https:\/\/monitor-electronico.com\/wp-content\/uploads\/2019\/08\/Dise\u00f1o-sin-t\u00edtulo-2.png 1821w\" sizes=\"auto, (max-width: 1024px) 100vw, 1024px\" \/><\/figure>\n\n\n\n<p>Dispositivos instalados para prevenir accidentes.<br><\/p>\n\n\n\n<div class=\"wp-block-columns has-2-columns is-layout-flex wp-container-core-columns-is-layout-9d6595d7 wp-block-columns-is-layout-flex\">\n<div class=\"wp-block-column is-layout-flow wp-block-column-is-layout-flow\">\n<figure class=\"wp-block-image\"><img loading=\"lazy\" decoding=\"async\" width=\"640\" height=\"480\" src=\"https:\/\/monitor-electronico.com\/wp-content\/uploads\/2019\/08\/FWSMKdet-3fd96382d61f56bd8e590e9c9c1f9611-640-0-1.png\" alt=\"\" class=\"wp-image-231\" srcset=\"https:\/\/monitor-electronico.com\/wp-content\/uploads\/2019\/08\/FWSMKdet-3fd96382d61f56bd8e590e9c9c1f9611-640-0-1.png 640w, https:\/\/monitor-electronico.com\/wp-content\/uploads\/2019\/08\/FWSMKdet-3fd96382d61f56bd8e590e9c9c1f9611-640-0-1-300x225.png 300w\" sizes=\"auto, (max-width: 640px) 100vw, 640px\" \/><\/figure>\n<\/div>\n\n\n\n<div class=\"wp-block-column is-layout-flow wp-block-column-is-layout-flow\">\n<figure class=\"wp-block-image\"><img loading=\"lazy\" decoding=\"async\" width=\"340\" height=\"340\" src=\"https:\/\/monitor-electronico.com\/wp-content\/uploads\/2019\/08\/SF1192L-M-3.png\" alt=\"\" class=\"wp-image-232\" srcset=\"https:\/\/monitor-electronico.com\/wp-content\/uploads\/2019\/08\/SF1192L-M-3.png 340w, https:\/\/monitor-electronico.com\/wp-content\/uploads\/2019\/08\/SF1192L-M-3-150x150.png 150w, https:\/\/monitor-electronico.com\/wp-content\/uploads\/2019\/08\/SF1192L-M-3-300x300.png 300w\" sizes=\"auto, (max-width: 340px) 100vw, 340px\" \/><\/figure>\n<\/div>\n<\/div>\n\n\n\n<h1 class=\"wp-block-heading\">\u00bfC\u00f3mo funciona un sistema de alarmas contra incendios?<\/h1>\n\n\n\n<p><strong>\u00bfC\u00f3mo funciona un sistema de alarmas para incendio?<\/strong><br><\/p>\n\n\n\n<p>Un sistema de alarmas contra incendios es aquel capaz de alertar a las personas de que hay un incendio en el lugar, alertando as\u00ed de que hay que evacuar el edificio por su seguridad. La mayor\u00eda de sistemas de alarmas de este tipo avisan de forma autom\u00e1tica a los servicios de emergencias para que puedan actuar en este caso.<br><\/p>\n\n\n\n<p>Las alarmas contra incendios pueden ser disparadas por detectores de calor, detectores de humo o con pulsadores de incendios. Hay varios modelos de alarmas de incendios en el mercado, por lo que es bueno comparar precios y elegir una adecuada a lo que se necesita.<br><\/p>\n\n\n\n<p><\/p>\n\n\n\n<p><\/p>\n\n\n\n<p>Un sistema de alarmas contra incendios es una buena inversi\u00f3n.<\/p>\n","protected":false},"excerpt":{"rendered":"<p>Dispositivos instalados para prevenir accidentes. \u00bfC\u00f3mo funciona un sistema de alarmas contra incendios? \u00bfC\u00f3mo funciona un sistema de alarmas para incendio? [&hellip;]<\/p>\n","protected":false},"author":1,"featured_media":102,"parent":0,"menu_order":0,"comment_status":"closed","ping_status":"closed","template":"","meta":{"footnotes":""},"class_list":["post-167","page","type-page","status-publish","has-post-thumbnail","hentry"],"_hostinger_reach_plugin_has_subscription_block":false,"_hostinger_reach_plugin_is_elementor":false,"_links":{"self":[{"href":"https:\/\/monitor-electronico.com\/index.php\/wp-json\/wp\/v2\/pages\/167","targetHints":{"allow":["GET"]}}],"collection":[{"href":"https:\/\/monitor-electronico.com\/index.php\/wp-json\/wp\/v2\/pages"}],"about":[{"href":"https:\/\/monitor-electronico.com\/index.php\/wp-json\/wp\/v2\/types\/page"}],"author":[{"embeddable":true,"href":"https:\/\/monitor-electronico.com\/index.php\/wp-json\/wp\/v2\/users\/1"}],"replies":[{"embeddable":true,"href":"https:\/\/monitor-electronico.com\/index.php\/wp-json\/wp\/v2\/comments?post=167"}],"version-history":[{"count":4,"href":"https:\/\/monitor-electronico.com\/index.php\/wp-json\/wp\/v2\/pages\/167\/revisions"}],"predecessor-version":[{"id":247,"href":"https:\/\/monitor-electronico.com\/index.php\/wp-json\/wp\/v2\/pages\/167\/revisions\/247"}],"wp:featuredmedia":[{"embeddable":true,"href":"https:\/\/monitor-electronico.com\/index.php\/wp-json\/wp\/v2\/media\/102"}],"wp:attachment":[{"href":"https:\/\/monitor-electronico.com\/index.php\/wp-json\/wp\/v2\/media?parent=167"}],"curies":[{"name":"wp","href":"https:\/\/api.w.org\/{rel}","templated":true}]}}