{"id":170,"date":"2019-08-19T11:43:24","date_gmt":"2019-08-19T14:43:24","guid":{"rendered":"https:\/\/monitor-electronico.com\/?page_id=170"},"modified":"2019-08-21T16:51:44","modified_gmt":"2019-08-21T19:51:44","slug":"placa-disuasiva","status":"publish","type":"page","link":"https:\/\/monitor-electronico.com\/index.php\/placa-disuasiva\/","title":{"rendered":"Placa Disuasiva"},"content":{"rendered":"\n<p>La placa disuasiva de Monitor es colocada en todos los lugares que cuentan con nuestros servicios. Es de especial importancia por la funci\u00f3n que cumple:&nbsp;<strong>es disuasorias frente al robo, ayudan a la polic\u00eda, identifican de forma clara, r\u00e1pida y son una prevenci\u00f3n en caso de ausencia o vacaciones.<\/strong> <\/p>\n\n\n\n<div class=\"wp-block-columns has-2-columns is-layout-flex wp-container-core-columns-is-layout-9d6595d7 wp-block-columns-is-layout-flex\">\n<div class=\"wp-block-column is-layout-flow wp-block-column-is-layout-flow\">\n<figure class=\"wp-block-image\"><img loading=\"lazy\" decoding=\"async\" width=\"1024\" height=\"683\" src=\"https:\/\/monitor-electronico.com\/wp-content\/uploads\/2019\/08\/IMG_1298-1024x683.jpg\" alt=\"\" class=\"wp-image-214\" srcset=\"https:\/\/monitor-electronico.com\/wp-content\/uploads\/2019\/08\/IMG_1298-1024x683.jpg 1024w, https:\/\/monitor-electronico.com\/wp-content\/uploads\/2019\/08\/IMG_1298-300x200.jpg 300w, https:\/\/monitor-electronico.com\/wp-content\/uploads\/2019\/08\/IMG_1298-768x512.jpg 768w\" sizes=\"auto, (max-width: 1024px) 100vw, 1024px\" \/><\/figure>\n<\/div>\n\n\n\n<div class=\"wp-block-column is-layout-flow wp-block-column-is-layout-flow\">\n<figure class=\"wp-block-image\"><img loading=\"lazy\" decoding=\"async\" width=\"1024\" height=\"683\" src=\"https:\/\/monitor-electronico.com\/wp-content\/uploads\/2019\/08\/IMG_1230-1024x683.jpg\" alt=\"\" class=\"wp-image-210\" srcset=\"https:\/\/monitor-electronico.com\/wp-content\/uploads\/2019\/08\/IMG_1230-1024x683.jpg 1024w, https:\/\/monitor-electronico.com\/wp-content\/uploads\/2019\/08\/IMG_1230-300x200.jpg 300w, https:\/\/monitor-electronico.com\/wp-content\/uploads\/2019\/08\/IMG_1230-768x512.jpg 768w\" sizes=\"auto, (max-width: 1024px) 100vw, 1024px\" \/><\/figure>\n<\/div>\n<\/div>\n\n\n\n<h2 class=\"wp-block-heading\">Funciones de las placas&nbsp;disuasorias<\/h2>\n\n\n\n<p><strong>Disuaden frente al robo<\/strong><br>Las placas y pegatinas de <strong>Monitor<\/strong> son la primera \u00abbarrera\u00bb frente al robo. Est\u00e1 demostrado que es m\u00e1s probable que intenten robar primero en una casa o negocio que no est\u00e9 protegido. Por eso es necesario ubicar las&nbsp;<strong>placas disuasorias e identificativas en lugares donde sean bien visibles.<\/strong><\/p>\n\n\n\n<p><strong>Ayudan a la polic\u00eda<\/strong><\/p>\n\n\n\n<p>Las placas ubicadas en el exterior de la vivienda o negocio, son de gran ayuda para la polic\u00eda. Si se produce un robo, las fuerzas de seguridad pueden contactar inmediatamente con la empresa de seguridad que aparece en las placas identificativas y hallar a la persona afectada por el robo en un plazo menor de tiempo.<\/p>\n\n\n\n<p><strong>Previenen en caso de ausencias o vacaciones<\/strong><\/p>\n\n\n\n<p>Las placas identificas hacen que ante cualquier incidencia en tu hogar o negocio (rotura de tuber\u00edas, luces encendidas, ventanas abiertas, etc.) tus vecinos o la polic\u00eda puedan contactar con <strong>Monitor<\/strong> para solucionarlo. Desde <strong>Monitor<\/strong> gestionar\u00edamos contigo la soluci\u00f3n m\u00e1s adecuada. El hecho de tener una placa visible al alcance de todos, puede facilitar los canales de comunicaci\u00f3n en este tipo de casos.<\/p>\n\n\n\n<p><strong>Identifican de forma clara y r\u00e1pida<\/strong><\/p>\n\n\n\n<p>\u00bfTienes el tel\u00e9fono de los vecinos? No aparece el tel\u00e9fono en la gu\u00eda de tel\u00e9fonos, \u00bfc\u00f3mo contactamos? Estas dudas pueden surgir cuando no hay placas identificativas en tu hogar o negocio. O si tienes varias placas de seguridad, las de tu anterior empresa de seguridad, puede dar lugar a malos entendidos y confusiones entre los usuarios adem\u00e1s de retrasos en el servicio: \u00bfA qui\u00e9n llamar ante una incidencia?<\/p>\n\n\n\n<h2 class=\"wp-block-heading\">Complet\u00e1 el formulario y un asesor se comunicar\u00e1 con vos<\/h2>\n\n\n\n<div class=\"wpcf7 no-js\" id=\"wpcf7-f212-o1\" lang=\"es-AR\" dir=\"ltr\" data-wpcf7-id=\"212\">\n<div class=\"screen-reader-response\"><p role=\"status\" aria-live=\"polite\" aria-atomic=\"true\"><\/p> <ul><\/ul><\/div>\n<form action=\"\/index.php\/wp-json\/wp\/v2\/pages\/170#wpcf7-f212-o1\" method=\"post\" class=\"wpcf7-form init\" aria-label=\"Formulario de contacto\" novalidate=\"novalidate\" data-status=\"init\">\n<fieldset class=\"hidden-fields-container\"><input type=\"hidden\" name=\"_wpcf7\" value=\"212\" \/><input type=\"hidden\" name=\"_wpcf7_version\" value=\"6.1.2\" \/><input type=\"hidden\" name=\"_wpcf7_locale\" value=\"es_AR\" \/><input type=\"hidden\" name=\"_wpcf7_unit_tag\" value=\"wpcf7-f212-o1\" \/><input type=\"hidden\" name=\"_wpcf7_container_post\" value=\"0\" \/><input type=\"hidden\" name=\"_wpcf7_posted_data_hash\" value=\"\" \/>\n<\/fieldset>\n<p><label> Nombre y apellido (obligatorio)<br \/>\n<span class=\"wpcf7-form-control-wrap\" data-name=\"your-name\"><input size=\"40\" maxlength=\"400\" class=\"wpcf7-form-control wpcf7-text wpcf7-validates-as-required\" aria-required=\"true\" aria-invalid=\"false\" value=\"\" type=\"text\" name=\"your-name\" \/><\/span> <\/label>\n<\/p>\n<p><label> Numero de telefono<br \/>\n<span class=\"wpcf7-form-control-wrap\" data-name=\"number-141\"><input class=\"wpcf7-form-control wpcf7-number wpcf7-validates-as-required wpcf7-validates-as-number\" aria-required=\"true\" aria-invalid=\"false\" value=\"\" type=\"number\" name=\"number-141\" \/><\/span> <\/label>\n<\/p>\n<p><label> Correo electr\u00f3nico<br \/>\n<span class=\"wpcf7-form-control-wrap\" data-name=\"email-556\"><input size=\"40\" maxlength=\"400\" class=\"wpcf7-form-control wpcf7-email wpcf7-text wpcf7-validates-as-email\" aria-invalid=\"false\" value=\"\" type=\"email\" name=\"email-556\" \/><\/span> <\/label>\n<\/p>\n<p> Tipo de propiedad que desea proteger <span class=\"wpcf7-form-control-wrap\" data-name=\"radio-38\"><span class=\"wpcf7-form-control wpcf7-radio\"><span class=\"wpcf7-list-item first\"><input type=\"radio\" name=\"radio-38\" value=\"Casa familiar\" checked=\"checked\" \/><span class=\"wpcf7-list-item-label\">Casa familiar<\/span><\/span><span class=\"wpcf7-list-item\"><input type=\"radio\" name=\"radio-38\" value=\"Casa de descanso\" \/><span class=\"wpcf7-list-item-label\">Casa de descanso<\/span><\/span><span class=\"wpcf7-list-item\"><input type=\"radio\" name=\"radio-38\" value=\"Negocio\" \/><span class=\"wpcf7-list-item-label\">Negocio<\/span><\/span><span class=\"wpcf7-list-item last\"><input type=\"radio\" name=\"radio-38\" value=\"Todos\" \/><span class=\"wpcf7-list-item-label\">Todos<\/span><\/span><\/span><\/span>\n<\/p>\n<p><input class=\"wpcf7-form-control wpcf7-submit has-spinner\" type=\"submit\" value=\"Enviar\" \/>\n<\/p><p style=\"display: none !important;\" class=\"akismet-fields-container\" data-prefix=\"_wpcf7_ak_\"><label>&#916;<textarea name=\"_wpcf7_ak_hp_textarea\" cols=\"45\" rows=\"8\" maxlength=\"100\"><\/textarea><\/label><input type=\"hidden\" id=\"ak_js_1\" name=\"_wpcf7_ak_js\" value=\"250\"\/><script>document.getElementById( \"ak_js_1\" ).setAttribute( \"value\", ( new Date() ).getTime() );<\/script><\/p><div class=\"wpcf7-response-output\" aria-hidden=\"true\"><\/div>\n<\/form>\n<\/div>\n\n","protected":false},"excerpt":{"rendered":"<p>La placa disuasiva de Monitor es colocada en todos los lugares que cuentan con nuestros servicios. Es de especial importancia por [&hellip;]<\/p>\n","protected":false},"author":1,"featured_media":110,"parent":0,"menu_order":0,"comment_status":"closed","ping_status":"closed","template":"template-fullwide.php","meta":{"footnotes":""},"class_list":["post-170","page","type-page","status-publish","has-post-thumbnail","hentry"],"_hostinger_reach_plugin_has_subscription_block":false,"_hostinger_reach_plugin_is_elementor":false,"_links":{"self":[{"href":"https:\/\/monitor-electronico.com\/index.php\/wp-json\/wp\/v2\/pages\/170","targetHints":{"allow":["GET"]}}],"collection":[{"href":"https:\/\/monitor-electronico.com\/index.php\/wp-json\/wp\/v2\/pages"}],"about":[{"href":"https:\/\/monitor-electronico.com\/index.php\/wp-json\/wp\/v2\/types\/page"}],"author":[{"embeddable":true,"href":"https:\/\/monitor-electronico.com\/index.php\/wp-json\/wp\/v2\/users\/1"}],"replies":[{"embeddable":true,"href":"https:\/\/monitor-electronico.com\/index.php\/wp-json\/wp\/v2\/comments?post=170"}],"version-history":[{"count":4,"href":"https:\/\/monitor-electronico.com\/index.php\/wp-json\/wp\/v2\/pages\/170\/revisions"}],"predecessor-version":[{"id":216,"href":"https:\/\/monitor-electronico.com\/index.php\/wp-json\/wp\/v2\/pages\/170\/revisions\/216"}],"wp:featuredmedia":[{"embeddable":true,"href":"https:\/\/monitor-electronico.com\/index.php\/wp-json\/wp\/v2\/media\/110"}],"wp:attachment":[{"href":"https:\/\/monitor-electronico.com\/index.php\/wp-json\/wp\/v2\/media?parent=170"}],"curies":[{"name":"wp","href":"https:\/\/api.w.org\/{rel}","templated":true}]}}