{"id":175,"date":"2019-08-19T11:47:38","date_gmt":"2019-08-19T14:47:38","guid":{"rendered":"https:\/\/monitor-electronico.com\/?page_id=175"},"modified":"2019-08-24T11:16:25","modified_gmt":"2019-08-24T14:16:25","slug":"vigilancia-las-24hs","status":"publish","type":"page","link":"https:\/\/monitor-electronico.com\/index.php\/vigilancia-las-24hs\/","title":{"rendered":"Vigilancia las 24hs"},"content":{"rendered":"\n<div class=\"wp-block-columns has-3-columns is-layout-flex wp-container-core-columns-is-layout-9d6595d7 wp-block-columns-is-layout-flex\">\n<div class=\"wp-block-column is-layout-flow wp-block-column-is-layout-flow\">\n<figure class=\"wp-block-image\"><img loading=\"lazy\" decoding=\"async\" width=\"1024\" height=\"683\" src=\"https:\/\/monitor-electronico.com\/wp-content\/uploads\/2019\/08\/IMG_1268-1024x683.jpg\" alt=\"\" class=\"wp-image-235\" srcset=\"https:\/\/monitor-electronico.com\/wp-content\/uploads\/2019\/08\/IMG_1268-1024x683.jpg 1024w, https:\/\/monitor-electronico.com\/wp-content\/uploads\/2019\/08\/IMG_1268-300x200.jpg 300w, https:\/\/monitor-electronico.com\/wp-content\/uploads\/2019\/08\/IMG_1268-768x512.jpg 768w\" sizes=\"auto, (max-width: 1024px) 100vw, 1024px\" \/><\/figure>\n<\/div>\n\n\n\n<div class=\"wp-block-column is-layout-flow wp-block-column-is-layout-flow\">\n<figure class=\"wp-block-image\"><img loading=\"lazy\" decoding=\"async\" width=\"1024\" height=\"683\" src=\"https:\/\/monitor-electronico.com\/wp-content\/uploads\/2019\/08\/IMG_1264-1024x683.jpg\" alt=\"\" class=\"wp-image-237\" srcset=\"https:\/\/monitor-electronico.com\/wp-content\/uploads\/2019\/08\/IMG_1264-1024x683.jpg 1024w, https:\/\/monitor-electronico.com\/wp-content\/uploads\/2019\/08\/IMG_1264-300x200.jpg 300w, https:\/\/monitor-electronico.com\/wp-content\/uploads\/2019\/08\/IMG_1264-768x512.jpg 768w\" sizes=\"auto, (max-width: 1024px) 100vw, 1024px\" \/><\/figure>\n<\/div>\n\n\n\n<div class=\"wp-block-column is-layout-flow wp-block-column-is-layout-flow\">\n<figure class=\"wp-block-image\"><img loading=\"lazy\" decoding=\"async\" width=\"1024\" height=\"683\" src=\"https:\/\/monitor-electronico.com\/wp-content\/uploads\/2019\/08\/IMG_1271-1024x683.jpg\" alt=\"\" class=\"wp-image-239\" srcset=\"https:\/\/monitor-electronico.com\/wp-content\/uploads\/2019\/08\/IMG_1271-1024x683.jpg 1024w, https:\/\/monitor-electronico.com\/wp-content\/uploads\/2019\/08\/IMG_1271-300x200.jpg 300w, https:\/\/monitor-electronico.com\/wp-content\/uploads\/2019\/08\/IMG_1271-768x512.jpg 768w\" sizes=\"auto, (max-width: 1024px) 100vw, 1024px\" \/><\/figure>\n<\/div>\n<\/div>\n\n\n\n<p style=\"text-align:center\" class=\"has-medium-font-size\">Nuestras c\u00e1maras estrategicamente instaladas registran y filman permanentemente.<br><br><\/p>\n\n\n\n<h1 class=\"wp-block-heading\" style=\"text-align:center\">El importante rol del sistema de MONITOR en la Seguridad <\/h1>\n\n\n\n<p>En la actualidad es dif\u00edcil concebir un servicio de seguridad privada sin contemplar una complementaci\u00f3n entre el factor humano y la tecnolog\u00eda. En particular, los sistemas de detecci\u00f3n de im\u00e1genes o sistemas de Circuito Cerrado de Televisi\u00f3n se han convertido en una especial herramienta para fortalecer los servicios de vigilancia ya que nos brindan las siguientes capacidades:<br><strong><br>\u2022 Disuasi\u00f3n:<\/strong>&nbsp;Es una de las caracter\u00edsticas m\u00e1s importantes dado que est\u00e1 comprobado que en las zonas cubiertas por c\u00e1maras el \u00edndice de delitos es mucho menor que en otras desprotegidas.<br><strong><br>\u2022 Control:<\/strong>&nbsp;Los sistemas permiten monitorear que determinados procesos se lleven a cabo en la forma apropiada, elevando la eficiencia de los procedimientos y detectando las anomal\u00edas.<br><strong><br>\u2022 Econom\u00eda:<\/strong>&nbsp;Un sistema de Vigilancia las 24hs  puede reducir la necesidad de presencia de personal de seguridad y brinda la posibilidad de cubrir \u00e1reas m\u00e1s extensas desde un punto que permita que pocos vigiladores puedan abarcar m\u00e1s terreno y realizar un mejor trabajo de vigilancia.<\/p>\n\n\n\n<p><strong>\u00bfC\u00f3mo se conforma un sistema de Vigilancia las 24horas<\/strong> <strong>?<\/strong><br>B\u00e1sicamente un sistema tiene tres componentes:<br>\u2022 C\u00e1mara: que registra la imagen.<br>\u2022 Portador de se\u00f1al: por ejemplo, un cable.<br>\u2022<strong> Monitor<\/strong>: donde se representa la imagen.<\/p>\n\n\n\n<p>En t\u00e9rminos generales, las im\u00e1genes de las c\u00e1maras del sistema de CCTV ser\u00e1n presentadas en uno o varios monitores para ser observadas y analizadas. La instalaci\u00f3n del ambiente donde se realizar\u00e1 el monitoreo debe cumplir con ciertas caracter\u00edsticas:<\/p>\n\n\n\n<p>\u2022 Los monitores deben ubicarse a una altura tal que permita a una persona sentada observarlos sin realizar ninguna inclinaci\u00f3n de su cabeza. Una desviaci\u00f3n en este sentido redundar\u00e1 en lesiones en el operador.<br>\u2022 Los monitores deben instalarse de manera tal de no recibir luz directa del sol sobre ellos ni tener ventanas abiertas detr\u00e1s de los mismos.<br>\u2022 La luz ambiental debe ser mantenida en semi penumbra para facilitar la observaci\u00f3n de las im\u00e1genes.<br>\u2022 Los operadores deben ubicarse frente a los monitores sentados y en una posici\u00f3n c\u00f3moda que les permita mantenerla por per\u00edodos prolongados.<\/p>\n\n\n\n<p><strong>Caracter\u00edsticas del operador: <\/strong><br>\u2022 Los operadores estan formados y capacitados para la tarea de manera tal de obtener la m\u00e1xima eficiencia del \u00e1rea de observaci\u00f3n.<br>\u2022 Por sus caracter\u00edsticas, la tarea de monitoreo de c\u00e1maras es tediosa y mon\u00f3tona por lo que requerir\u00e1 del operador una disposici\u00f3n activa y un grado de alerta que debe mantenerse en el tiempo.<br>\u2022 Es necesario el reclutamiento de personas que cumplan con estas aptitudes para realizar la tarea puesto que otro tipo de individuos ser\u00e1n ineficientes en sus observaciones.<br>\u2022 El operador de monitoreo de c\u00e1maras ser\u00e1 efectivo durante un tiempo limitado: se ha verificado que el mantenimiento de la atenci\u00f3n en este tipo de tareas por per\u00edodos mayores a 4 horas es dificultoso y mas all\u00e1 de este, se producen errores de apreciaci\u00f3n y atenci\u00f3n.<br>\u2022 Por ello, los turnos de monitoreo deben ser normalmente de no m\u00e1s de 4 horas por vez, debiendo tener los operadores un recreo en el cual distenderse antes de cumplir un nuevo turno si fuera necesario.<br>La operaci\u00f3n de los programas de monitoreo que se utilizan actualmente, exige del operador de monitoreo una capacitaci\u00f3n media en el manejo de programas de computaci\u00f3n como Word y Excel.<\/p>\n\n\n\n<p><strong>Tareas del operador de central de&nbsp;monitoreo<\/strong><\/p>\n\n\n\n<p>\u2022 Estar especialmente atento para saber reconocer una imagen en la cual se refleje la comisi\u00f3n de un delito o situaci\u00f3n de alarma.<br>\u2022 Deber\u00e1 estar capacitado para identificar r\u00e1pidamente en sus observaciones todos los detalles que hacen a la identificaci\u00f3n posterior de las personas involucradas y\/o sus veh\u00edculos.<br>\u2022 Estar preparado adicionalmente para comunicar la alarma a las personas id\u00f3neas para manejar la situaci\u00f3n que se presente, de forma tal de brindar toda la informaci\u00f3n posible que permita la clara y r\u00e1pida identificaci\u00f3n de la situaci\u00f3n, las personas involucradas, el lugar del evento y todas aquellas observaciones adicionales que faciliten el esclarecimiento de las situaciones.<br><\/p>\n\n\n\n<p class=\"has-medium-font-size\"><strong>Solicit\u00e1 un asesor y cuida lo que te importa<\/strong><\/p>\n\n\n\n<div class=\"wpcf7 no-js\" id=\"wpcf7-f212-o1\" lang=\"es-AR\" dir=\"ltr\" data-wpcf7-id=\"212\">\n<div class=\"screen-reader-response\"><p role=\"status\" aria-live=\"polite\" aria-atomic=\"true\"><\/p> <ul><\/ul><\/div>\n<form action=\"\/index.php\/wp-json\/wp\/v2\/pages\/175#wpcf7-f212-o1\" method=\"post\" class=\"wpcf7-form init\" aria-label=\"Formulario de contacto\" novalidate=\"novalidate\" data-status=\"init\">\n<fieldset class=\"hidden-fields-container\"><input type=\"hidden\" name=\"_wpcf7\" value=\"212\" \/><input type=\"hidden\" name=\"_wpcf7_version\" value=\"6.1.2\" \/><input type=\"hidden\" name=\"_wpcf7_locale\" value=\"es_AR\" \/><input type=\"hidden\" name=\"_wpcf7_unit_tag\" value=\"wpcf7-f212-o1\" \/><input type=\"hidden\" name=\"_wpcf7_container_post\" value=\"0\" \/><input type=\"hidden\" name=\"_wpcf7_posted_data_hash\" value=\"\" \/>\n<\/fieldset>\n<p><label> Nombre y apellido (obligatorio)<br \/>\n<span class=\"wpcf7-form-control-wrap\" data-name=\"your-name\"><input size=\"40\" maxlength=\"400\" class=\"wpcf7-form-control wpcf7-text wpcf7-validates-as-required\" aria-required=\"true\" aria-invalid=\"false\" value=\"\" type=\"text\" name=\"your-name\" \/><\/span> <\/label>\n<\/p>\n<p><label> Numero de telefono<br \/>\n<span class=\"wpcf7-form-control-wrap\" data-name=\"number-141\"><input class=\"wpcf7-form-control wpcf7-number wpcf7-validates-as-required wpcf7-validates-as-number\" aria-required=\"true\" aria-invalid=\"false\" value=\"\" type=\"number\" name=\"number-141\" \/><\/span> <\/label>\n<\/p>\n<p><label> Correo electr\u00f3nico<br \/>\n<span class=\"wpcf7-form-control-wrap\" data-name=\"email-556\"><input size=\"40\" maxlength=\"400\" class=\"wpcf7-form-control wpcf7-email wpcf7-text wpcf7-validates-as-email\" aria-invalid=\"false\" value=\"\" type=\"email\" name=\"email-556\" \/><\/span> <\/label>\n<\/p>\n<p> Tipo de propiedad que desea proteger <span class=\"wpcf7-form-control-wrap\" data-name=\"radio-38\"><span class=\"wpcf7-form-control wpcf7-radio\"><span class=\"wpcf7-list-item first\"><input type=\"radio\" name=\"radio-38\" value=\"Casa familiar\" checked=\"checked\" \/><span class=\"wpcf7-list-item-label\">Casa familiar<\/span><\/span><span class=\"wpcf7-list-item\"><input type=\"radio\" name=\"radio-38\" value=\"Casa de descanso\" \/><span class=\"wpcf7-list-item-label\">Casa de descanso<\/span><\/span><span class=\"wpcf7-list-item\"><input type=\"radio\" name=\"radio-38\" value=\"Negocio\" \/><span class=\"wpcf7-list-item-label\">Negocio<\/span><\/span><span class=\"wpcf7-list-item last\"><input type=\"radio\" name=\"radio-38\" value=\"Todos\" \/><span class=\"wpcf7-list-item-label\">Todos<\/span><\/span><\/span><\/span>\n<\/p>\n<p><input class=\"wpcf7-form-control wpcf7-submit has-spinner\" type=\"submit\" value=\"Enviar\" \/>\n<\/p><p style=\"display: none !important;\" class=\"akismet-fields-container\" data-prefix=\"_wpcf7_ak_\"><label>&#916;<textarea name=\"_wpcf7_ak_hp_textarea\" cols=\"45\" rows=\"8\" maxlength=\"100\"><\/textarea><\/label><input type=\"hidden\" id=\"ak_js_1\" name=\"_wpcf7_ak_js\" value=\"114\"\/><script>document.getElementById( \"ak_js_1\" ).setAttribute( \"value\", ( new Date() ).getTime() );<\/script><\/p><div class=\"wpcf7-response-output\" aria-hidden=\"true\"><\/div>\n<\/form>\n<\/div>\n\n","protected":false},"excerpt":{"rendered":"<p>Nuestras c\u00e1maras estrategicamente instaladas registran y filman permanentemente. El importante rol del sistema de MONITOR en la Seguridad En la actualidad [&hellip;]<\/p>\n","protected":false},"author":1,"featured_media":88,"parent":0,"menu_order":0,"comment_status":"closed","ping_status":"closed","template":"template-fullwide.php","meta":{"footnotes":""},"class_list":["post-175","page","type-page","status-publish","has-post-thumbnail","hentry"],"_hostinger_reach_plugin_has_subscription_block":false,"_hostinger_reach_plugin_is_elementor":false,"_links":{"self":[{"href":"https:\/\/monitor-electronico.com\/index.php\/wp-json\/wp\/v2\/pages\/175","targetHints":{"allow":["GET"]}}],"collection":[{"href":"https:\/\/monitor-electronico.com\/index.php\/wp-json\/wp\/v2\/pages"}],"about":[{"href":"https:\/\/monitor-electronico.com\/index.php\/wp-json\/wp\/v2\/types\/page"}],"author":[{"embeddable":true,"href":"https:\/\/monitor-electronico.com\/index.php\/wp-json\/wp\/v2\/users\/1"}],"replies":[{"embeddable":true,"href":"https:\/\/monitor-electronico.com\/index.php\/wp-json\/wp\/v2\/comments?post=175"}],"version-history":[{"count":9,"href":"https:\/\/monitor-electronico.com\/index.php\/wp-json\/wp\/v2\/pages\/175\/revisions"}],"predecessor-version":[{"id":290,"href":"https:\/\/monitor-electronico.com\/index.php\/wp-json\/wp\/v2\/pages\/175\/revisions\/290"}],"wp:featuredmedia":[{"embeddable":true,"href":"https:\/\/monitor-electronico.com\/index.php\/wp-json\/wp\/v2\/media\/88"}],"wp:attachment":[{"href":"https:\/\/monitor-electronico.com\/index.php\/wp-json\/wp\/v2\/media?parent=175"}],"curies":[{"name":"wp","href":"https:\/\/api.w.org\/{rel}","templated":true}]}}