{"id":57,"date":"2019-08-15T10:33:54","date_gmt":"2019-08-15T13:33:54","guid":{"rendered":"https:\/\/monitor-electronico.com\/?page_id=57"},"modified":"2019-08-24T10:40:55","modified_gmt":"2019-08-24T13:40:55","slug":"seguridad-privada","status":"publish","type":"page","link":"https:\/\/monitor-electronico.com\/index.php\/seguridad-privada\/","title":{"rendered":"NUESTROS SERVICIOS"},"content":{"rendered":"\n<p><strong>Personal con s\u00f3lida formaci\u00f3n y entrenamiento; capacitados para la prestaci\u00f3n de un adecuado servicio de seguridad.<\/strong><\/p>\n\n\n\n<ul class=\"wp-block-gallery columns-2 is-cropped wp-block-gallery-1 is-layout-flex wp-block-gallery-is-layout-flex\"><li class=\"blocks-gallery-item\"><figure><img loading=\"lazy\" decoding=\"async\" width=\"1024\" height=\"683\" src=\"https:\/\/monitor-electronico.com\/wp-content\/uploads\/2019\/08\/IMG_1268-1024x683.jpg\" alt=\"\" data-id=\"235\" data-link=\"https:\/\/monitor-electronico.com\/index.php\/vigilancia-las-24hs\/img_1268\/#main\" class=\"wp-image-235\" srcset=\"https:\/\/monitor-electronico.com\/wp-content\/uploads\/2019\/08\/IMG_1268-1024x683.jpg 1024w, https:\/\/monitor-electronico.com\/wp-content\/uploads\/2019\/08\/IMG_1268-300x200.jpg 300w, https:\/\/monitor-electronico.com\/wp-content\/uploads\/2019\/08\/IMG_1268-768x512.jpg 768w\" sizes=\"auto, (max-width: 1024px) 100vw, 1024px\" \/><\/figure><\/li><li class=\"blocks-gallery-item\"><figure><img loading=\"lazy\" decoding=\"async\" width=\"1024\" height=\"683\" src=\"https:\/\/monitor-electronico.com\/wp-content\/uploads\/2019\/08\/IMG_1230-1024x683.jpg\" alt=\"\" data-id=\"210\" data-link=\"https:\/\/monitor-electronico.com\/index.php\/placa-disuasiva\/img_1230\/#main\" class=\"wp-image-210\" srcset=\"https:\/\/monitor-electronico.com\/wp-content\/uploads\/2019\/08\/IMG_1230-1024x683.jpg 1024w, https:\/\/monitor-electronico.com\/wp-content\/uploads\/2019\/08\/IMG_1230-300x200.jpg 300w, https:\/\/monitor-electronico.com\/wp-content\/uploads\/2019\/08\/IMG_1230-768x512.jpg 768w\" sizes=\"auto, (max-width: 1024px) 100vw, 1024px\" \/><\/figure><\/li><li class=\"blocks-gallery-item\"><figure><img loading=\"lazy\" decoding=\"async\" width=\"1024\" height=\"683\" src=\"https:\/\/monitor-electronico.com\/wp-content\/uploads\/2019\/08\/IMG_1259-1024x683.jpg\" alt=\"\" data-id=\"188\" data-link=\"https:\/\/monitor-electronico.com\/index.php\/servicios-de-seguridad\/img_1259\/#main\" class=\"wp-image-188\" srcset=\"https:\/\/monitor-electronico.com\/wp-content\/uploads\/2019\/08\/IMG_1259-1024x683.jpg 1024w, https:\/\/monitor-electronico.com\/wp-content\/uploads\/2019\/08\/IMG_1259-300x200.jpg 300w, https:\/\/monitor-electronico.com\/wp-content\/uploads\/2019\/08\/IMG_1259-768x512.jpg 768w\" sizes=\"auto, (max-width: 1024px) 100vw, 1024px\" \/><\/figure><\/li><li class=\"blocks-gallery-item\"><figure><img loading=\"lazy\" decoding=\"async\" width=\"1024\" height=\"683\" src=\"https:\/\/monitor-electronico.com\/wp-content\/uploads\/2019\/08\/IMG_1298-1024x683.jpg\" alt=\"\" data-id=\"214\" data-link=\"https:\/\/monitor-electronico.com\/index.php\/placa-disuasiva\/img_1298\/#main\" class=\"wp-image-214\" srcset=\"https:\/\/monitor-electronico.com\/wp-content\/uploads\/2019\/08\/IMG_1298-1024x683.jpg 1024w, https:\/\/monitor-electronico.com\/wp-content\/uploads\/2019\/08\/IMG_1298-300x200.jpg 300w, https:\/\/monitor-electronico.com\/wp-content\/uploads\/2019\/08\/IMG_1298-768x512.jpg 768w\" sizes=\"auto, (max-width: 1024px) 100vw, 1024px\" \/><\/figure><\/li><\/ul>\n\n\n\n<p style=\"text-align:center\">VIGILADORES ESPECIALMENTE PREPARADOS PARA:<\/p>\n\n\n\n<ul class=\"wp-block-list\"><li>Disuadir y prevenir la comisi\u00f3n de actos delictivos.<\/li><li>Actuar ante situaciones de crisis.<\/li><li>Colaborar con las fuerzas de seguridad.<\/li><li>Cubrir con idoneidad el servicio que dise\u00f1amos especialmente para usted.<\/li><\/ul>\n\n\n\n<p style=\"text-align:center\">   <\/p>\n\n\n\n<h2 class=\"wp-block-heading\" style=\"text-align:center\">VIGILANCIA EST\u00c1TICA<\/h2>\n\n\n\n<p>Protecci\u00f3n a zonas delimitadas, recintos, accesos, manejo de sistemas de vigilancia electr\u00f3nica, monitoreo de sistemas de alarma, detecci\u00f3n temprana de siniestros.<\/p>\n\n\n\n<h2 class=\"wp-block-heading\" style=\"text-align:center\">VIGILANCIA DIN\u00c1MICA<\/h2>\n\n\n\n<p>Patrullas programadas, rondas, vigilancia de zonas comunes, manejo de veh\u00edculos especiales y sistemas de seguridad perimetral<\/p>\n\n\n\n<h2 class=\"wp-block-heading\" style=\"text-align:center\">VIGILANCIA MONTADA<\/h2>\n\n\n\n<p>Patrullas para zonas inaccesibles con veh\u00edculos.<\/p>\n\n\n\n<div style=\"height:100px\" aria-hidden=\"true\" class=\"wp-block-spacer\"><\/div>\n\n\n\n<p class=\"has-large-font-size\"><strong>Solicite un asesor <\/strong><\/p>\n\n\n\n<div class=\"wpcf7 no-js\" id=\"wpcf7-f212-o1\" lang=\"es-AR\" dir=\"ltr\" data-wpcf7-id=\"212\">\n<div class=\"screen-reader-response\"><p role=\"status\" aria-live=\"polite\" aria-atomic=\"true\"><\/p> <ul><\/ul><\/div>\n<form action=\"\/index.php\/wp-json\/wp\/v2\/pages\/57#wpcf7-f212-o1\" method=\"post\" class=\"wpcf7-form init\" aria-label=\"Formulario de contacto\" novalidate=\"novalidate\" data-status=\"init\">\n<fieldset class=\"hidden-fields-container\"><input type=\"hidden\" name=\"_wpcf7\" value=\"212\" \/><input type=\"hidden\" name=\"_wpcf7_version\" value=\"6.1.2\" \/><input type=\"hidden\" name=\"_wpcf7_locale\" value=\"es_AR\" \/><input type=\"hidden\" name=\"_wpcf7_unit_tag\" value=\"wpcf7-f212-o1\" \/><input type=\"hidden\" name=\"_wpcf7_container_post\" value=\"0\" \/><input type=\"hidden\" name=\"_wpcf7_posted_data_hash\" value=\"\" \/>\n<\/fieldset>\n<p><label> Nombre y apellido (obligatorio)<br \/>\n<span class=\"wpcf7-form-control-wrap\" data-name=\"your-name\"><input size=\"40\" maxlength=\"400\" class=\"wpcf7-form-control wpcf7-text wpcf7-validates-as-required\" aria-required=\"true\" aria-invalid=\"false\" value=\"\" type=\"text\" name=\"your-name\" \/><\/span> <\/label>\n<\/p>\n<p><label> Numero de telefono<br \/>\n<span class=\"wpcf7-form-control-wrap\" data-name=\"number-141\"><input class=\"wpcf7-form-control wpcf7-number wpcf7-validates-as-required wpcf7-validates-as-number\" aria-required=\"true\" aria-invalid=\"false\" value=\"\" type=\"number\" name=\"number-141\" \/><\/span> <\/label>\n<\/p>\n<p><label> Correo electr\u00f3nico<br \/>\n<span class=\"wpcf7-form-control-wrap\" data-name=\"email-556\"><input size=\"40\" maxlength=\"400\" class=\"wpcf7-form-control wpcf7-email wpcf7-text wpcf7-validates-as-email\" aria-invalid=\"false\" value=\"\" type=\"email\" name=\"email-556\" \/><\/span> <\/label>\n<\/p>\n<p> Tipo de propiedad que desea proteger <span class=\"wpcf7-form-control-wrap\" data-name=\"radio-38\"><span class=\"wpcf7-form-control wpcf7-radio\"><span class=\"wpcf7-list-item first\"><input type=\"radio\" name=\"radio-38\" value=\"Casa familiar\" checked=\"checked\" \/><span class=\"wpcf7-list-item-label\">Casa familiar<\/span><\/span><span class=\"wpcf7-list-item\"><input type=\"radio\" name=\"radio-38\" value=\"Casa de descanso\" \/><span class=\"wpcf7-list-item-label\">Casa de descanso<\/span><\/span><span class=\"wpcf7-list-item\"><input type=\"radio\" name=\"radio-38\" value=\"Negocio\" \/><span class=\"wpcf7-list-item-label\">Negocio<\/span><\/span><span class=\"wpcf7-list-item last\"><input type=\"radio\" name=\"radio-38\" value=\"Todos\" \/><span class=\"wpcf7-list-item-label\">Todos<\/span><\/span><\/span><\/span>\n<\/p>\n<p><input class=\"wpcf7-form-control wpcf7-submit has-spinner\" type=\"submit\" value=\"Enviar\" \/>\n<\/p><p style=\"display: none !important;\" class=\"akismet-fields-container\" data-prefix=\"_wpcf7_ak_\"><label>&#916;<textarea name=\"_wpcf7_ak_hp_textarea\" cols=\"45\" rows=\"8\" maxlength=\"100\"><\/textarea><\/label><input type=\"hidden\" id=\"ak_js_1\" name=\"_wpcf7_ak_js\" value=\"38\"\/><script>document.getElementById( \"ak_js_1\" ).setAttribute( \"value\", ( new Date() ).getTime() );<\/script><\/p><div class=\"wpcf7-response-output\" aria-hidden=\"true\"><\/div>\n<\/form>\n<\/div>\n\n","protected":false},"excerpt":{"rendered":"<p>Personal con s\u00f3lida formaci\u00f3n y entrenamiento; capacitados para la prestaci\u00f3n de un adecuado servicio de seguridad. VIGILADORES ESPECIALMENTE PREPARADOS PARA: Disuadir [&hellip;]<\/p>\n","protected":false},"author":1,"featured_media":78,"parent":0,"menu_order":0,"comment_status":"closed","ping_status":"closed","template":"","meta":{"footnotes":""},"class_list":["post-57","page","type-page","status-publish","has-post-thumbnail","hentry"],"_hostinger_reach_plugin_has_subscription_block":false,"_hostinger_reach_plugin_is_elementor":false,"_links":{"self":[{"href":"https:\/\/monitor-electronico.com\/index.php\/wp-json\/wp\/v2\/pages\/57","targetHints":{"allow":["GET"]}}],"collection":[{"href":"https:\/\/monitor-electronico.com\/index.php\/wp-json\/wp\/v2\/pages"}],"about":[{"href":"https:\/\/monitor-electronico.com\/index.php\/wp-json\/wp\/v2\/types\/page"}],"author":[{"embeddable":true,"href":"https:\/\/monitor-electronico.com\/index.php\/wp-json\/wp\/v2\/users\/1"}],"replies":[{"embeddable":true,"href":"https:\/\/monitor-electronico.com\/index.php\/wp-json\/wp\/v2\/comments?post=57"}],"version-history":[{"count":9,"href":"https:\/\/monitor-electronico.com\/index.php\/wp-json\/wp\/v2\/pages\/57\/revisions"}],"predecessor-version":[{"id":270,"href":"https:\/\/monitor-electronico.com\/index.php\/wp-json\/wp\/v2\/pages\/57\/revisions\/270"}],"wp:featuredmedia":[{"embeddable":true,"href":"https:\/\/monitor-electronico.com\/index.php\/wp-json\/wp\/v2\/media\/78"}],"wp:attachment":[{"href":"https:\/\/monitor-electronico.com\/index.php\/wp-json\/wp\/v2\/media?parent=57"}],"curies":[{"name":"wp","href":"https:\/\/api.w.org\/{rel}","templated":true}]}}