{"id":62,"date":"2019-08-15T11:03:06","date_gmt":"2019-08-15T14:03:06","guid":{"rendered":"https:\/\/monitor-electronico.com\/?page_id=62"},"modified":"2019-10-15T17:45:07","modified_gmt":"2019-10-15T20:45:07","slug":"alarmas-monitoreadas","status":"publish","type":"page","link":"https:\/\/monitor-electronico.com\/index.php\/alarmas-monitoreadas\/","title":{"rendered":"Vigilancia"},"content":{"rendered":"\n<p style=\"text-align:center\" class=\"has-medium-font-size\"> Alarmas de \u00faltima generaci\u00f3n monitoreadas las 24 horas, los 365 d\u00edas del a\u00f1o desde nuestras CMP (Centrales de Monitoreo Permanente)<\/p>\n\n\n\n<ul class=\"wp-block-gallery columns-2 is-cropped wp-block-gallery-1 is-layout-flex wp-block-gallery-is-layout-flex\"><li class=\"blocks-gallery-item\"><figure><img loading=\"lazy\" decoding=\"async\" width=\"1024\" height=\"683\" src=\"https:\/\/monitor-electronico.com\/wp-content\/uploads\/2019\/08\/IMG_1271-1024x683.jpg\" alt=\"\" data-id=\"239\" data-link=\"https:\/\/monitor-electronico.com\/index.php\/vigilancia-las-24hs\/img_1271\/#main\" class=\"wp-image-239\" srcset=\"https:\/\/monitor-electronico.com\/wp-content\/uploads\/2019\/08\/IMG_1271-1024x683.jpg 1024w, https:\/\/monitor-electronico.com\/wp-content\/uploads\/2019\/08\/IMG_1271-300x200.jpg 300w, https:\/\/monitor-electronico.com\/wp-content\/uploads\/2019\/08\/IMG_1271-768x512.jpg 768w\" sizes=\"auto, (max-width: 1024px) 100vw, 1024px\" \/><\/figure><\/li><li class=\"blocks-gallery-item\"><figure><img loading=\"lazy\" decoding=\"async\" width=\"1024\" height=\"683\" src=\"https:\/\/monitor-electronico.com\/wp-content\/uploads\/2019\/08\/IMG_1269-1024x683.jpg\" alt=\"\" data-id=\"303\" data-link=\"https:\/\/monitor-electronico.com\/index.php\/monitoreo\/img_1269\/#main\" class=\"wp-image-303\" srcset=\"https:\/\/monitor-electronico.com\/wp-content\/uploads\/2019\/08\/IMG_1269-1024x683.jpg 1024w, https:\/\/monitor-electronico.com\/wp-content\/uploads\/2019\/08\/IMG_1269-300x200.jpg 300w, https:\/\/monitor-electronico.com\/wp-content\/uploads\/2019\/08\/IMG_1269-768x512.jpg 768w\" sizes=\"auto, (max-width: 1024px) 100vw, 1024px\" \/><\/figure><\/li><\/ul>\n\n\n\n<p style=\"text-align:center\" class=\"has-medium-font-size\"><strong>SEGURIDAD ELECTR\u00d3NICA<\/strong><\/p>\n\n\n\n<p><br>Una apuesta constante al avance tecnol\u00f3gico, la capacitaci\u00f3n de nuestro personal y un profundo compromiso con nuestros clientes, nos permite crecer d\u00eda a d\u00eda. <\/p>\n\n\n\n<p style=\"text-align:center\"> Ofrecemos tecnolog\u00eda de vanguardia, proyectos de instalaci\u00f3n personalizados, sistemas adaptados a cada cliente, evaluaci\u00f3n y auditor\u00eda permanente, aviso de evento a las autoridades policiales, propietarios, guardia de seguridad en el caso de countries o barrios privados, y m\u00f3viles propios que acuden de inmediato. <\/p>\n\n\n\n<p style=\"text-align:center\"> Ofrecemos tecnolog\u00eda de vanguardia, proyectos de instalaci\u00f3n personalizados, sistemas adaptados a cada cliente, evaluaci\u00f3n y auditor\u00eda permanente, aviso de evento a las autoridades policiales, propietarios, guardia de seguridad en el caso de countries o barrios privados, y m\u00f3viles propios que acuden de inmediato. <\/p>\n\n\n\n<h2 class=\"wp-block-heading\" style=\"text-align:center\">VENTAJAS<\/h2>\n\n\n\n<ul class=\"wp-block-list\"><li> Servicio de acuda. <\/li><li>M\u00f3viles propios que concurren al lugar ante el evento y permanecen all\u00ed hasta la llegada del cliente, brindando la asistencia necesaria.<br><\/li><li>Centro de monitoreo.<\/li><li>Cartel que identifica el inmueble protegido. Excelente metodo de prevenci\u00f3n y disuasi\u00f3n.<\/li><li>Personal t\u00e9cnico propio que permite respuesta y soluciones inmediatas.<br>Servicio de asistencia en emergencias.<\/li><\/ul>\n\n\n\n<p class=\"has-medium-font-size\">Solicit\u00e1 un asesor y cuid\u00e1 lo que mas te importa<\/p>\n\n\n\n<div class=\"wpcf7 no-js\" id=\"wpcf7-f212-o1\" lang=\"es-AR\" dir=\"ltr\" data-wpcf7-id=\"212\">\n<div class=\"screen-reader-response\"><p role=\"status\" aria-live=\"polite\" aria-atomic=\"true\"><\/p> <ul><\/ul><\/div>\n<form action=\"\/index.php\/wp-json\/wp\/v2\/pages\/62#wpcf7-f212-o1\" method=\"post\" class=\"wpcf7-form init\" aria-label=\"Formulario de contacto\" novalidate=\"novalidate\" data-status=\"init\">\n<fieldset class=\"hidden-fields-container\"><input type=\"hidden\" name=\"_wpcf7\" value=\"212\" \/><input type=\"hidden\" name=\"_wpcf7_version\" value=\"6.1.2\" \/><input type=\"hidden\" name=\"_wpcf7_locale\" value=\"es_AR\" \/><input type=\"hidden\" name=\"_wpcf7_unit_tag\" value=\"wpcf7-f212-o1\" \/><input type=\"hidden\" name=\"_wpcf7_container_post\" value=\"0\" \/><input type=\"hidden\" name=\"_wpcf7_posted_data_hash\" value=\"\" \/>\n<\/fieldset>\n<p><label> Nombre y apellido (obligatorio)<br \/>\n<span class=\"wpcf7-form-control-wrap\" data-name=\"your-name\"><input size=\"40\" maxlength=\"400\" class=\"wpcf7-form-control wpcf7-text wpcf7-validates-as-required\" aria-required=\"true\" aria-invalid=\"false\" value=\"\" type=\"text\" name=\"your-name\" \/><\/span> <\/label>\n<\/p>\n<p><label> Numero de telefono<br \/>\n<span class=\"wpcf7-form-control-wrap\" data-name=\"number-141\"><input class=\"wpcf7-form-control wpcf7-number wpcf7-validates-as-required wpcf7-validates-as-number\" aria-required=\"true\" aria-invalid=\"false\" value=\"\" type=\"number\" name=\"number-141\" \/><\/span> <\/label>\n<\/p>\n<p><label> Correo electr\u00f3nico<br \/>\n<span class=\"wpcf7-form-control-wrap\" data-name=\"email-556\"><input size=\"40\" maxlength=\"400\" class=\"wpcf7-form-control wpcf7-email wpcf7-text wpcf7-validates-as-email\" aria-invalid=\"false\" value=\"\" type=\"email\" name=\"email-556\" \/><\/span> <\/label>\n<\/p>\n<p> Tipo de propiedad que desea proteger <span class=\"wpcf7-form-control-wrap\" data-name=\"radio-38\"><span class=\"wpcf7-form-control wpcf7-radio\"><span class=\"wpcf7-list-item first\"><input type=\"radio\" name=\"radio-38\" value=\"Casa familiar\" checked=\"checked\" \/><span class=\"wpcf7-list-item-label\">Casa familiar<\/span><\/span><span class=\"wpcf7-list-item\"><input type=\"radio\" name=\"radio-38\" value=\"Casa de descanso\" \/><span class=\"wpcf7-list-item-label\">Casa de descanso<\/span><\/span><span class=\"wpcf7-list-item\"><input type=\"radio\" name=\"radio-38\" value=\"Negocio\" \/><span class=\"wpcf7-list-item-label\">Negocio<\/span><\/span><span class=\"wpcf7-list-item last\"><input type=\"radio\" name=\"radio-38\" value=\"Todos\" \/><span class=\"wpcf7-list-item-label\">Todos<\/span><\/span><\/span><\/span>\n<\/p>\n<p><input class=\"wpcf7-form-control wpcf7-submit has-spinner\" type=\"submit\" value=\"Enviar\" \/>\n<\/p><p style=\"display: none !important;\" class=\"akismet-fields-container\" data-prefix=\"_wpcf7_ak_\"><label>&#916;<textarea name=\"_wpcf7_ak_hp_textarea\" cols=\"45\" rows=\"8\" maxlength=\"100\"><\/textarea><\/label><input type=\"hidden\" id=\"ak_js_1\" name=\"_wpcf7_ak_js\" value=\"223\"\/><script>document.getElementById( \"ak_js_1\" ).setAttribute( \"value\", ( new Date() ).getTime() );<\/script><\/p><div class=\"wpcf7-response-output\" aria-hidden=\"true\"><\/div>\n<\/form>\n<\/div>\n\n","protected":false},"excerpt":{"rendered":"<p>Alarmas de \u00faltima generaci\u00f3n monitoreadas las 24 horas, los 365 d\u00edas del a\u00f1o desde nuestras CMP (Centrales de Monitoreo Permanente) SEGURIDAD [&hellip;]<\/p>\n","protected":false},"author":1,"featured_media":73,"parent":0,"menu_order":0,"comment_status":"closed","ping_status":"closed","template":"template-fullwide.php","meta":{"footnotes":""},"class_list":["post-62","page","type-page","status-publish","has-post-thumbnail","hentry"],"_hostinger_reach_plugin_has_subscription_block":false,"_hostinger_reach_plugin_is_elementor":false,"_links":{"self":[{"href":"https:\/\/monitor-electronico.com\/index.php\/wp-json\/wp\/v2\/pages\/62","targetHints":{"allow":["GET"]}}],"collection":[{"href":"https:\/\/monitor-electronico.com\/index.php\/wp-json\/wp\/v2\/pages"}],"about":[{"href":"https:\/\/monitor-electronico.com\/index.php\/wp-json\/wp\/v2\/types\/page"}],"author":[{"embeddable":true,"href":"https:\/\/monitor-electronico.com\/index.php\/wp-json\/wp\/v2\/users\/1"}],"replies":[{"embeddable":true,"href":"https:\/\/monitor-electronico.com\/index.php\/wp-json\/wp\/v2\/comments?post=62"}],"version-history":[{"count":10,"href":"https:\/\/monitor-electronico.com\/index.php\/wp-json\/wp\/v2\/pages\/62\/revisions"}],"predecessor-version":[{"id":368,"href":"https:\/\/monitor-electronico.com\/index.php\/wp-json\/wp\/v2\/pages\/62\/revisions\/368"}],"wp:featuredmedia":[{"embeddable":true,"href":"https:\/\/monitor-electronico.com\/index.php\/wp-json\/wp\/v2\/media\/73"}],"wp:attachment":[{"href":"https:\/\/monitor-electronico.com\/index.php\/wp-json\/wp\/v2\/media?parent=62"}],"curies":[{"name":"wp","href":"https:\/\/api.w.org\/{rel}","templated":true}]}}